{"id":1000,"date":"2023-09-24T14:18:44","date_gmt":"2023-09-24T12:18:44","guid":{"rendered":"https:\/\/www.domeltec.be\/?page_id=1000"},"modified":"2024-04-19T12:13:30","modified_gmt":"2024-04-19T10:13:30","slug":"notre-societe-2","status":"publish","type":"page","link":"https:\/\/www.domeltec.be\/index.php\/notre-societe-2\/","title":{"rendered":"Notre soci\u00e9t\u00e9"},"content":{"rendered":"\n<div class=\"wp-block-cover is-light\"><span aria-hidden=\"true\" class=\"wp-block-cover__background has-white-background-color has-background-dim-10 has-background-dim\"><\/span><img loading=\"lazy\" decoding=\"async\" width=\"1920\" height=\"1280\" class=\"wp-block-cover__image-background wp-image-1010\" alt=\"\" src=\"https:\/\/www.domeltec.be\/wp-content\/uploads\/2023\/09\/building-839362_1920.jpg\" data-object-fit=\"cover\" srcset=\"https:\/\/www.domeltec.be\/wp-content\/uploads\/2023\/09\/building-839362_1920.jpg 1920w, https:\/\/www.domeltec.be\/wp-content\/uploads\/2023\/09\/building-839362_1920-300x200.jpg 300w, https:\/\/www.domeltec.be\/wp-content\/uploads\/2023\/09\/building-839362_1920-1024x683.jpg 1024w, https:\/\/www.domeltec.be\/wp-content\/uploads\/2023\/09\/building-839362_1920-768x512.jpg 768w, https:\/\/www.domeltec.be\/wp-content\/uploads\/2023\/09\/building-839362_1920-1536x1024.jpg 1536w\" sizes=\"auto, (max-width: 1920px) 100vw, 1920px\" \/><div class=\"wp-block-cover__inner-container is-layout-constrained wp-block-cover-is-layout-constrained\">\n<p class=\"has-text-align-center has-large-font-size\"><\/p>\n<\/div><\/div>\n\n\n\n<div class=\"blockart-spacing blockart-spacing-26778abf\"><div class=\"blockart-spacing-inner\"><\/div><\/div>\n\n\n\n<div class=\"wp-block-group is-layout-constrained wp-block-group-is-layout-constrained\">\n<h1 class=\"blockart-heading blockart-heading-37c047bc is-medium\"><strong>A Propos de Nous<\/strong><\/h1>\n<\/div>\n\n\n\n<p><\/p>\n\n\n\n<p>Bienvenue chez DOMELTEC, votre partenaire de confiance pour une gamme compl\u00e8te de services dans les domaines de la maintenance r\u00e9seau, de la mise en place d&rsquo;infrastructures r\u00e9seau, de l&rsquo;installation de bornes \u00e9lectriques et bien plus encore. <\/p>\n\n\n\n<p>Notre engagement envers l&rsquo;excellence technique et la satisfaction client est au c\u0153ur de tout ce que nous faisons.<\/p>\n\n\n\n<div class=\"blockart-spacing blockart-spacing-b1fa9794\"><div class=\"blockart-spacing-inner\"><\/div><\/div>\n\n\n\n<h3 class=\"wp-block-heading has-text-color\" style=\"color:#40a798\">Qui Sommes-Nous ?<\/h3>\n\n\n\n<p>Chez DOMELTEC, nous sommes une \u00e9quipe de professionnels d\u00e9vou\u00e9s et passionn\u00e9s, sp\u00e9cialis\u00e9s dans une vari\u00e9t\u00e9 de domaines essentiels pour la modernit\u00e9 de votre environnement, que ce soit \u00e0 domicile ou au sein de votre entreprise. <\/p>\n\n\n\n<p>Notre exp\u00e9rience, notre expertise et notre engagement envers la qualit\u00e9 sont les piliers de notre succ\u00e8s.<\/p>\n\n\n\n<div class=\"blockart-spacing blockart-spacing-8df1fe29\"><div class=\"blockart-spacing-inner\"><\/div><\/div>\n\n\n\n<h3 class=\"wp-block-heading has-text-color\" style=\"color:#40a798\">Nos Domaines d&rsquo;Expertise<\/h3>\n\n\n\n<p class=\"has-text-align-left has-medium-font-size\"><strong>Maintenance R\u00e9seau<\/strong><\/p>\n\n\n\n<p class=\"has-text-align-left\">Notre \u00e9quipe qualifi\u00e9e assure la stabilit\u00e9 et la performance de votre r\u00e9seau informatique. Nous offrons une gamme compl\u00e8te de services de maintenance pour garantir que vos syst\u00e8mes fonctionnent de mani\u00e8re optimale.<\/p>\n\n\n\n<p class=\"has-text-align-center\"><\/p>\n\n\n\n<p class=\"has-text-align-left has-medium-font-size\"><strong>Mise en Place d&rsquo;Infrastructures R\u00e9seau<\/strong><\/p>\n\n\n\n<p class=\"has-text-align-left\">Que vous ayez besoin de mettre en place un r\u00e9seau local (LAN) ou \u00e9tendu (WAN), notre expertise vous assure une connectivit\u00e9 fiable et s\u00e9curis\u00e9e.<\/p>\n\n\n\n<p class=\"has-text-align-center\"><\/p>\n\n\n\n<p class=\"has-text-align-left has-medium-font-size\"><strong>Infrastructure WiFi<\/strong><\/p>\n\n\n\n<p class=\"has-text-align-left\"> La connectivit\u00e9 sans fil est essentielle de nos jours. Nous concevons et mettons en place des infrastructures WiFi robustes pour r\u00e9pondre \u00e0 vos besoins en mati\u00e8re de connectivit\u00e9.<\/p>\n\n\n\n<p><\/p>\n\n\n\n<p><\/p>\n\n\n\n<p class=\"has-text-align-left has-medium-font-size\"><strong>Parlophonie et Vid\u00e9ophonie<\/strong> <\/p>\n\n\n\n<p class=\"has-text-align-left\">Am\u00e9liorez la s\u00e9curit\u00e9 et la communication avec des syst\u00e8mes de parlophonie et de vid\u00e9ophonie avanc\u00e9s et intuitifs.<\/p>\n\n\n\n<p><\/p>\n\n\n\n<p class=\"has-text-align-left has-medium-font-size\"><strong>Vid\u00e9o Surveillance<\/strong><\/p>\n\n\n\n<p class=\"has-text-align-left\">Prot\u00e9gez vos biens et assurez la s\u00e9curit\u00e9 de votre environnement avec nos solutions de vid\u00e9o surveillance de pointe.<\/p>\n\n\n\n<p><\/p>\n\n\n\n<div class=\"blockart-spacing blockart-spacing-11c24614\"><div class=\"blockart-spacing-inner\"><\/div><\/div>\n\n\n\n<h3 class=\"wp-block-heading has-text-color\" style=\"color:#40a798\">Notre Engagement<\/h3>\n\n\n\n<p>Chez DOMELTEC, nous croyons en la qualit\u00e9, l&rsquo;innovation et le service client. Nous nous engageons \u00e0 fournir des solutions sur mesure qui r\u00e9pondent \u00e0 vos besoins sp\u00e9cifiques. Notre \u00e9quipe est constamment form\u00e9e aux derni\u00e8res technologies et aux meilleures pratiques pour garantir que nous restons \u00e0 la pointe de notre industrie.<\/p>\n\n\n\n<p>Faites-nous confiance pour cr\u00e9er, maintenir et am\u00e9liorer les infrastructures essentielles qui vous permettent de prosp\u00e9rer. Contactez-nous d\u00e8s aujourd&rsquo;hui pour discuter de vos besoins et d\u00e9couvrir comment nous pouvons vous aider \u00e0 atteindre vos objectifs.<\/p>\n\n\n\n<p><\/p>\n\n\n\n<div class=\"blockart-spacing blockart-spacing-25e5403f\"><div class=\"blockart-spacing-inner\"><\/div><\/div>\n\n\n\n<div class=\"wp-block-buttons is-layout-flex wp-block-buttons-is-layout-flex\">\n<div class=\"wp-block-button\"><a class=\"wp-block-button__link has-background wp-element-button\" href=\"https:\/\/www.domeltec.be\/index.php\/contact-us\/\" style=\"background-color:#40a798\">Contactez-nous<\/a><\/div>\n<\/div>\n","protected":false},"excerpt":{"rendered":"<p>Bienvenue chez DOMELTEC, votre partenaire de confiance pour une gamme compl\u00e8te de services dans les domaines de la maintenance r\u00e9seau, de la mise en place d&rsquo;infrastructures r\u00e9seau, de l&rsquo;installation de bornes \u00e9lectriques et bien plus encore. Notre engagement envers l&rsquo;excellence<\/p>\n","protected":false},"author":1,"featured_media":0,"parent":0,"menu_order":0,"comment_status":"closed","ping_status":"closed","template":"","meta":{"sfsi_plus_gutenberg_text_before_share":"","sfsi_plus_gutenberg_show_text_before_share":"","sfsi_plus_gutenberg_icon_type":"","sfsi_plus_gutenberg_icon_alignemt":"","sfsi_plus_gutenburg_max_per_row":"","footnotes":""},"class_list":["post-1000","page","type-page","status-publish","hentry"],"_links":{"self":[{"href":"https:\/\/www.domeltec.be\/index.php\/wp-json\/wp\/v2\/pages\/1000","targetHints":{"allow":["GET"]}}],"collection":[{"href":"https:\/\/www.domeltec.be\/index.php\/wp-json\/wp\/v2\/pages"}],"about":[{"href":"https:\/\/www.domeltec.be\/index.php\/wp-json\/wp\/v2\/types\/page"}],"author":[{"embeddable":true,"href":"https:\/\/www.domeltec.be\/index.php\/wp-json\/wp\/v2\/users\/1"}],"replies":[{"embeddable":true,"href":"https:\/\/www.domeltec.be\/index.php\/wp-json\/wp\/v2\/comments?post=1000"}],"version-history":[{"count":19,"href":"https:\/\/www.domeltec.be\/index.php\/wp-json\/wp\/v2\/pages\/1000\/revisions"}],"predecessor-version":[{"id":1072,"href":"https:\/\/www.domeltec.be\/index.php\/wp-json\/wp\/v2\/pages\/1000\/revisions\/1072"}],"wp:attachment":[{"href":"https:\/\/www.domeltec.be\/index.php\/wp-json\/wp\/v2\/media?parent=1000"}],"curies":[{"name":"wp","href":"https:\/\/api.w.org\/{rel}","templated":true}]}}