{"id":38,"date":"2022-01-17T10:22:02","date_gmt":"2022-01-17T10:22:02","guid":{"rendered":"https:\/\/chandani-spacious-main.sites.qsandbox.com\/?page_id=38"},"modified":"2025-11-15T02:17:58","modified_gmt":"2025-11-15T01:17:58","slug":"contact-us","status":"publish","type":"page","link":"https:\/\/www.domeltec.be\/index.php\/contact-us\/","title":{"rendered":"Contactez-nous"},"content":{"rendered":"\n<div class=\"blockart-section blockart-section-b657c3f2\"><div class=\"blockart-container\"><div class=\"blockart-section-inner\">\n<div class=\"blockart-column blockart-column-6513c6e8\"><div class=\"blockart-column-inner\">\n<p>Avez vous une demande ou des questions ?<\/p>\n<div class=\"everest-forms\"><div class=\"evf-container default\" id=\"evf-801\"><form id=\"evf-form-801\" class=\"everest-form\" data-formid=\"801\" data-ajax_submission=\"0\" data-keyboard_friendly_form=\"0\" data-form_state_type=\"\" method=\"post\" enctype=\"multipart\/form-data\" action=\"\/index.php\/wp-json\/wp\/v2\/pages\/38\"><div class=\"evf-field-container\"><input type=\"hidden\" id=\"_wpnonce801\" name=\"_wpnonce801\" value=\"1f8db3ab1e\" \/><input type=\"hidden\" name=\"_wp_http_referer\" value=\"\/index.php\/wp-json\/wp\/v2\/pages\/38\" \/><div class=\"evf-frontend-row\" data-row=\"row_1\" conditional_rules=\"[]\"><div class=\"evf-frontend-grid evf-grid-1\" data-grid=\"grid_1\"><div id=\"evf-801-field_XVXxn7N4xu-5-container\" class=\"evf-field evf-field-last-name form-row validate-required\" data-required-field-message=\"Ce champ est n\u00e9cessaire.\" data-field-id=\"XVXxn7N4xu-5\"><label class=\"evf-field-label\" for=\"evf-801-field_XVXxn7N4xu-5\"><span class=\"evf-label\">Nom<\/span> <abbr class=\"required\" title=\"N\u00e9cessaire\">*<\/abbr><\/label><input type=\"text\" id=\"evf-801-field_XVXxn7N4xu-5\" class=\"input-text\" name=\"everest_forms[form_fields][XVXxn7N4xu-5]\" required><\/div><div id=\"evf-801-field_fCR20uitBf-6-container\" class=\"evf-field evf-field-first-name form-row validate-required\" data-required-field-message=\"Ce champ est n\u00e9cessaire.\" data-field-id=\"fCR20uitBf-6\"><label class=\"evf-field-label\" for=\"evf-801-field_fCR20uitBf-6\"><span class=\"evf-label\">Pr\u00e9nom<\/span> <abbr class=\"required\" title=\"N\u00e9cessaire\">*<\/abbr><\/label><input type=\"text\" id=\"evf-801-field_fCR20uitBf-6\" class=\"input-text\" name=\"everest_forms[form_fields][fCR20uitBf-6]\" required><\/div><div id=\"evf-801-field_LbH5NxasXM-2-container\" class=\"evf-field evf-field-email form-row validate-required validate-email\" data-required-field-message=\"Please enter a valid email address.\" data-field-id=\"LbH5NxasXM-2\"><label class=\"evf-field-label\" for=\"evf-801-field_LbH5NxasXM-2\"><span class=\"evf-label\">Adresse mail<\/span> <abbr class=\"required\" title=\"N\u00e9cessaire\">*<\/abbr><\/label><input type=\"email\" id=\"evf-801-field_LbH5NxasXM-2\" class=\"input-text\" name=\"everest_forms[form_fields][LbH5NxasXM-2]\" required ><\/div><div id=\"evf-801-field_FJvR7GgQaP-12-container\" class=\"evf-field evf-field-text form-row validate-required\" data-required-field-message=\"Ce champ est n\u00e9cessaire.\" data-field-id=\"FJvR7GgQaP-12\"><label class=\"evf-field-label\" for=\"evf-801-field_FJvR7GgQaP-12\"><span class=\"evf-label\">Adresse postale<\/span> <abbr class=\"required\" title=\"N\u00e9cessaire\">*<\/abbr><\/label><input type=\"text\" id=\"evf-801-field_FJvR7GgQaP-12\" class=\"input-text\" name=\"everest_forms[form_fields][FJvR7GgQaP-12]\" required><\/div><div id=\"evf-801-field_wKwT33iC0T-15-container\" class=\"evf-field evf-field-text form-row validate-required\" data-required-field-message=\"Ce champ est n\u00e9cessaire.\" data-field-id=\"wKwT33iC0T-15\"><label class=\"evf-field-label\" for=\"evf-801-field_wKwT33iC0T-15\"><span class=\"evf-label\">num\u00e9ro de contact<\/span> <abbr class=\"required\" title=\"N\u00e9cessaire\">*<\/abbr><\/label><input type=\"text\" id=\"evf-801-field_wKwT33iC0T-15\" class=\"input-text everest-forms-limit-characters-enabled everest-forms-min-characters-length-enabled\" data-form-id=\"801\" data-field-id=\"wKwT33iC0T-15\" data-text-limit=\"13\" data-text-min-length=\"9\" name=\"everest_forms[form_fields][wKwT33iC0T-15]\" placeholder=\"introduire votre num\u00e9ro pr\u00e9c\u00e9d\u00e9 du pr\u00e9fixe ( exemple 0032 pour la Belgique )\" maxlength=\"13\" minlength=\"9\" required><\/div><div id=\"evf-801-field_twV5rQ88Cy-14-container\" class=\"evf-field evf-field-select form-row validate-required\" data-required-field-message=\"Ce champ est n\u00e9cessaire.\" data-field-id=\"twV5rQ88Cy-14\"><label class=\"evf-field-label\" for=\"evf-801-field_twV5rQ88Cy-14\"><span class=\"evf-label\">Statut du demandeur<\/span> <abbr class=\"required\" title=\"N\u00e9cessaire\">*<\/abbr><\/label><select id=\"evf-801-field_twV5rQ88Cy-14\" class=\"input-text evf-field-required\" name=\"everest_forms[form_fields][twV5rQ88Cy-14]\" required=\"required\" ><option value=\"\"  selected='selected'><\/option><option value=\"Particulier\" >Particulier<\/option><option value=\"Entreprise\" >Entreprise<\/option><option value=\"Autre\" >Autre<\/option><\/select><\/div><div id=\"evf-801-field_0t6e6MS62c-10-container\" class=\"evf-field evf-field-text form-row\" data-field-id=\"0t6e6MS62c-10\"><label class=\"evf-field-label\" for=\"evf-801-field_0t6e6MS62c-10\"><span class=\"evf-label\">Nom de soci\u00e9t\u00e9<\/span> <\/label><input type=\"text\" id=\"evf-801-field_0t6e6MS62c-10\" class=\"input-text\" name=\"everest_forms[form_fields][0t6e6MS62c-10]\" placeholder=\"Nom de la soci\u00e9t\u00e9 si vous n&#039;etes pas particulier\" ><\/div><div id=\"evf-801-field_1wCZr9a4sE-9-container\" class=\"evf-field evf-field-checkbox form-row validate-required\" data-required-field-message=\"Ce champ est n\u00e9cessaire.\" data-field-id=\"1wCZr9a4sE-9\"><label class=\"evf-field-label\" for=\"evf-801-field_1wCZr9a4sE-9\"><span class=\"evf-label\">Le ou les Services concern\u00e9s<\/span> <abbr class=\"required\" title=\"N\u00e9cessaire\">*<\/abbr><\/label><ul id=\"evf-801-field_1wCZr9a4sE-9\" class=\" evf-field-required\"><li class=\"choice-1 depth-1\"><input type=\"checkbox\" id=\"evf-801-field_1wCZr9a4sE-9_1\" class=\"input-text\" name=\"everest_forms[form_fields][1wCZr9a4sE-9][]\" value=\"Maintenance r\u00e9seau informatique\" required ><label class=\"everest-forms-field-label-inline\" for=\"evf-801-field_1wCZr9a4sE-9_1\">Maintenance r\u00e9seau informatique<\/label><\/li><li class=\"choice-2 depth-1\"><input type=\"checkbox\" id=\"evf-801-field_1wCZr9a4sE-9_2\" class=\"input-text\" name=\"everest_forms[form_fields][1wCZr9a4sE-9][]\" value=\"Mise en place infrasctrucure r\u00e9seau\" required ><label class=\"everest-forms-field-label-inline\" for=\"evf-801-field_1wCZr9a4sE-9_2\">Mise en place infrasctrucure r\u00e9seau<\/label><\/li><li class=\"choice-3 depth-1\"><input type=\"checkbox\" id=\"evf-801-field_1wCZr9a4sE-9_3\" class=\"input-text\" name=\"everest_forms[form_fields][1wCZr9a4sE-9][]\" value=\"Mise en place r\u00e9seau WIFI\" required ><label class=\"everest-forms-field-label-inline\" for=\"evf-801-field_1wCZr9a4sE-9_3\">Mise en place r\u00e9seau WIFI<\/label><\/li><li class=\"choice-11 depth-1\"><input type=\"checkbox\" id=\"evf-801-field_1wCZr9a4sE-9_11\" class=\"input-text\" name=\"everest_forms[form_fields][1wCZr9a4sE-9][]\" value=\"\u00c9lectricit\u00e9 \/ Domotique\" required ><label class=\"everest-forms-field-label-inline\" for=\"evf-801-field_1wCZr9a4sE-9_11\">\u00c9lectricit\u00e9 \/ Domotique<\/label><\/li><li class=\"choice-6 depth-1\"><input type=\"checkbox\" id=\"evf-801-field_1wCZr9a4sE-9_6\" class=\"input-text\" name=\"everest_forms[form_fields][1wCZr9a4sE-9][]\" value=\"Parlophonie\/Visiophonie\" required ><label class=\"everest-forms-field-label-inline\" for=\"evf-801-field_1wCZr9a4sE-9_6\">Parlophonie\/Visiophonie<\/label><\/li><li class=\"choice-9 depth-1\"><input type=\"checkbox\" id=\"evf-801-field_1wCZr9a4sE-9_9\" class=\"input-text\" name=\"everest_forms[form_fields][1wCZr9a4sE-9][]\" value=\"S\u00e9curit\u00e9 \/ Acc\u00e8s\" required ><label class=\"everest-forms-field-label-inline\" for=\"evf-801-field_1wCZr9a4sE-9_9\">S\u00e9curit\u00e9 \/ Acc\u00e8s<\/label><\/li><li class=\"choice-10 depth-1\"><input type=\"checkbox\" id=\"evf-801-field_1wCZr9a4sE-9_10\" class=\"input-text\" name=\"everest_forms[form_fields][1wCZr9a4sE-9][]\" value=\"Borne de Recharge\" required ><label class=\"everest-forms-field-label-inline\" for=\"evf-801-field_1wCZr9a4sE-9_10\">Borne de Recharge<\/label><\/li><\/ul><\/div><div id=\"evf-801-field_lRGlo6TTKF-11-container\" class=\"evf-field evf-field-textarea form-row validate-required\" data-required-field-message=\"Ce champ est n\u00e9cessaire.\" data-field-id=\"lRGlo6TTKF-11\"><label class=\"evf-field-label\" for=\"evf-801-field_lRGlo6TTKF-11\"><span class=\"evf-label\">Description de la demande<\/span> <abbr class=\"required\" title=\"N\u00e9cessaire\">*<\/abbr><\/label><textarea id=\"evf-801-field_lRGlo6TTKF-11\" class=\"input-text\" name=\"everest_forms[form_fields][lRGlo6TTKF-11]\" required ><\/textarea><\/div><\/div><\/div><\/div><div class=\"evf-honeypot-container evf-field-hp\"><label for=\"evf-801-field-hp\" class=\"evf-field-label\">Name<\/label><input type=\"text\" name=\"everest_forms[hp]\" id=\"evf-801-field-hp\" class=\"input-text\"><\/div><div class=\"evf-submit-container \" ><input type=\"hidden\" name=\"everest_forms[id]\" value=\"801\"><input type=\"hidden\" name=\"everest_forms[author]\" value=\"1\"><button type='submit' name='everest_forms[submit]' class='everest-forms-submit-button button evf-submit ' id='evf-submit-801' value='evf-submit' data-process-text=\"En traitement\" conditional_rules='&quot;&quot;' conditional_id='evf-submit-801'  id=\"evf-submit-801\" aria-live=\"assertive\">Envoyer votre demande<\/button><\/div><\/form><\/div><!-- .evf-container --><\/div>\n<\/div><\/div>\n<\/div><\/div><\/div>\n","protected":false},"excerpt":{"rendered":"<p>Avez vous une demande ou des questions ?<\/p>\n","protected":false},"author":1,"featured_media":0,"parent":0,"menu_order":0,"comment_status":"closed","ping_status":"closed","template":"page-templates\/page-builder.php","meta":{"sfsi_plus_gutenberg_text_before_share":"","sfsi_plus_gutenberg_show_text_before_share":"","sfsi_plus_gutenberg_icon_type":"","sfsi_plus_gutenberg_icon_alignemt":"","sfsi_plus_gutenburg_max_per_row":"","footnotes":""},"class_list":["post-38","page","type-page","status-publish","hentry"],"_links":{"self":[{"href":"https:\/\/www.domeltec.be\/index.php\/wp-json\/wp\/v2\/pages\/38","targetHints":{"allow":["GET"]}}],"collection":[{"href":"https:\/\/www.domeltec.be\/index.php\/wp-json\/wp\/v2\/pages"}],"about":[{"href":"https:\/\/www.domeltec.be\/index.php\/wp-json\/wp\/v2\/types\/page"}],"author":[{"embeddable":true,"href":"https:\/\/www.domeltec.be\/index.php\/wp-json\/wp\/v2\/users\/1"}],"replies":[{"embeddable":true,"href":"https:\/\/www.domeltec.be\/index.php\/wp-json\/wp\/v2\/comments?post=38"}],"version-history":[{"count":5,"href":"https:\/\/www.domeltec.be\/index.php\/wp-json\/wp\/v2\/pages\/38\/revisions"}],"predecessor-version":[{"id":1138,"href":"https:\/\/www.domeltec.be\/index.php\/wp-json\/wp\/v2\/pages\/38\/revisions\/1138"}],"wp:attachment":[{"href":"https:\/\/www.domeltec.be\/index.php\/wp-json\/wp\/v2\/media?parent=38"}],"curies":[{"name":"wp","href":"https:\/\/api.w.org\/{rel}","templated":true}]}}