{"id":718,"date":"2015-07-29T13:44:44","date_gmt":"2015-07-29T11:44:44","guid":{"rendered":"https:\/\/chandani-spacious-main.sites.qsandbox.com\/?page_id=4"},"modified":"2025-11-15T02:40:23","modified_gmt":"2025-11-15T01:40:23","slug":"home","status":"publish","type":"page","link":"https:\/\/www.domeltec.be\/","title":{"rendered":"Home"},"content":{"rendered":"\n<div class=\"alignnormal\"><div id=\"metaslider-id-1062\" style=\"width: 100%;\" class=\"ml-slider-3-103-0 metaslider metaslider-flex metaslider-1062 ml-slider has-dots-nav ms-theme-default\" role=\"region\" aria-label=\"Nouveau diaporama\" data-height=\"200\" data-width=\"700\">\n    <div id=\"metaslider_container_1062\">\n        <div id=\"metaslider_1062\">\n            <ul class='slides'>\n                <li style=\"display: block; width: 100%;\" class=\"slide-1063 ms-image \" aria-roledescription=\"slide\" data-date=\"2023-09-25 01:11:53\" data-slide-type=\"image\"><img loading=\"lazy\" decoding=\"async\" src=\"https:\/\/www.domeltec.be\/wp-content\/uploads\/2023\/09\/camera-securite-diapo-domeltec-2.jpg\" height=\"200\" width=\"700\" alt=\"\" class=\"slider-1062 slide-1063 msDefaultImage\" title=\"camera-securite-diapo-domeltec-2\" \/><\/li>\n                <li style=\"display: none; width: 100%;\" class=\"slide-1064 ms-image \" aria-roledescription=\"slide\" data-date=\"2023-09-25 01:11:54\" data-slide-type=\"image\"><img loading=\"lazy\" decoding=\"async\" src=\"https:\/\/www.domeltec.be\/wp-content\/uploads\/2023\/09\/controle-acces-et-intercom-diapo-version-domeltec-1.jpg\" height=\"200\" width=\"700\" alt=\"\" class=\"slider-1062 slide-1064 msDefaultImage\" title=\"controle-acces-et-intercom-diapo-version-domeltec-1\" \/><\/li>\n                <li style=\"display: none; width: 100%;\" class=\"slide-1065 ms-image \" aria-roledescription=\"slide\" data-date=\"2023-09-25 01:11:54\" data-slide-type=\"image\"><img loading=\"lazy\" decoding=\"async\" src=\"https:\/\/www.domeltec.be\/wp-content\/uploads\/2023\/09\/informatique-reseau-2-domeltec-2.jpg\" height=\"200\" width=\"700\" alt=\"\" class=\"slider-1062 slide-1065 msDefaultImage\" title=\"informatique-reseau-2-domeltec-2\" \/><\/li>\n            <\/ul>\n        <\/div>\n        \n    <\/div>\n<\/div><\/div>\n\n\n\n<div class=\"blockart-section blockart-section-5a8ecddf\"><div class=\"blockart-container\"><div class=\"blockart-section-inner\">\n\n  <div class=\"blockart-column blockart-column-19c7ce73\"><div class=\"blockart-column-inner\">\n    <div class=\"blockart-image blockart-image-8ebd007e\">\n      <img loading=\"lazy\" decoding=\"async\" width=\"150\" height=\"150\" class=\"wp-image-886\" src=\"https:\/\/www.domeltec.be\/wp-content\/uploads\/2023\/09\/reseau-mondial-1.png\" alt=\"Infrastructure r\u00e9seau\" srcset=\"https:\/\/www.domeltec.be\/wp-content\/uploads\/2023\/09\/reseau-mondial-1.png 150w, https:\/\/www.domeltec.be\/wp-content\/uploads\/2023\/09\/reseau-mondial-1-45x45.png 45w\" sizes=\"auto, (max-width: 150px) 100vw, 150px\" \/>\n    <\/div>\n    <h2 class=\"blockart-heading blockart-heading-6a2c5017\">Infrastructure r\u00e9seau<\/h2>\n    <p class=\"blockart-paragraph blockart-paragraph-6382f008\">\n      Cr\u00e9ation d\u2019infrastructures r\u00e9seau fiables : c\u00e2blage structur\u00e9, racks informatiques et interconnexion de vos \u00e9quipements pour un r\u00e9seau interne performant, stable et s\u00e9curis\u00e9.\n    <\/p>\n  <\/div><\/div>\n\n  <div class=\"blockart-column blockart-column-90f78ac0\"><div class=\"blockart-column-inner\">\n    <div class=\"blockart-image blockart-image-727e4f93\">\n      <img loading=\"lazy\" decoding=\"async\" width=\"150\" height=\"150\" class=\"wp-image-887\" src=\"https:\/\/www.domeltec.be\/wp-content\/uploads\/2023\/09\/maintenance-1.png\" alt=\"Maintenance r\u00e9seau\" srcset=\"https:\/\/www.domeltec.be\/wp-content\/uploads\/2023\/09\/maintenance-1.png 150w, https:\/\/www.domeltec.be\/wp-content\/uploads\/2023\/09\/maintenance-1-45x45.png 45w\" sizes=\"auto, (max-width: 150px) 100vw, 150px\" \/>\n    <\/div>\n    <h2 class=\"blockart-heading blockart-heading-d65cd094\">Maintenance r\u00e9seau<\/h2>\n    <p class=\"blockart-paragraph blockart-paragraph-b1dfd8d3\">\n      Diagnostic et r\u00e9paration de votre r\u00e9seau : c\u00e2blage, routeurs, switches, PC et imprimantes. Une maintenance pr\u00e9ventive et corrective pour limiter les pannes et garantir un fonctionnement optimal.\n    <\/p>\n  <\/div><\/div>\n\n  <div class=\"blockart-column blockart-column-af6ec2f5\"><div class=\"blockart-column-inner\">\n    <div class=\"blockart-image blockart-image-d2d127e2\">\n      <img loading=\"lazy\" decoding=\"async\" width=\"150\" height=\"150\" class=\"wp-image-889\" src=\"https:\/\/www.domeltec.be\/wp-content\/uploads\/2023\/09\/wifi-1.png\" alt=\"Infrastructure Wi-Fi\" srcset=\"https:\/\/www.domeltec.be\/wp-content\/uploads\/2023\/09\/wifi-1.png 150w, https:\/\/www.domeltec.be\/wp-content\/uploads\/2023\/09\/wifi-1-45x45.png 45w\" sizes=\"auto, (max-width: 150px) 100vw, 150px\" \/>\n    <\/div>\n    <h2 class=\"blockart-heading blockart-heading-87c99ed1\">Infrastructure Wi-Fi<\/h2>\n    <p class=\"blockart-paragraph blockart-paragraph-0fa90a67\">\n      Installation et optimisation Wi-Fi pour particuliers et entreprises : \u00e9tude de couverture, points d\u2019acc\u00e8s renforc\u00e9s et s\u00e9curisation du r\u00e9seau pour une connexion stable dans toutes les pi\u00e8ces.\n    <\/p>\n  <\/div><\/div>\n\n<\/div><\/div><\/div>\n\n\n\n<div class=\"blockart-section blockart-section-5a8ecddf\"><div class=\"blockart-container\"><div class=\"blockart-section-inner\">\n\n<div class=\"blockart-column blockart-column-19c7ce73\"><div class=\"blockart-column-inner\">\n<div class=\"blockart-image blockart-image-8ebd007e\"><img decoding=\"async\" class=\"wp-image-886\" src=\"https:\/\/www.domeltec.be\/wp-content\/uploads\/2023\/09\/camera-de-surveillance-1.png\" alt=\"\"\/><\/div>\n<h2 class=\"blockart-heading blockart-heading-6a2c5017\">S\u00e9curit\u00e9 \/ Acc\u00e8s<\/h2>\n<p class=\"blockart-paragraph blockart-paragraph-6382f008\">Prot\u00e9gez vos espaces avec des solutions de s\u00e9curit\u00e9 innovantes : cam\u00e9ras de surveillance haute d\u00e9finition, contr\u00f4le d\u2019acc\u00e8s intelligent et syst\u00e8mes de protection connect\u00e9s pour une tranquillit\u00e9 totale.<\/p>\n<\/div><\/div>\n\n<div class=\"blockart-column blockart-column-90f78ac0\"><div class=\"blockart-column-inner\">\n<div class=\"blockart-image blockart-image-727e4f93\"><img decoding=\"async\" class=\"wp-image-887\" src=\"https:\/\/www.domeltec.be\/wp-content\/uploads\/2023\/09\/prise-electrique-2.png\" alt=\"\"\/><\/div>\n<h2 class=\"blockart-heading blockart-heading-d65cd094\">\u00c9lectricit\u00e9 \/ Domotique<\/h2>\n<p class=\"blockart-paragraph blockart-paragraph-b1dfd8d3\">\u00c9lectricit\u00e9 et domotique sur mesure : installations fiables, r\u00e9novation \u00e9lectrique, syst\u00e8mes automatis\u00e9s, visiophonie, parlophonie, \u00e9clairage intelligent et contr\u00f4le connect\u00e9 pour am\u00e9liorer s\u00e9curit\u00e9, confort et efficacit\u00e9 \u00e9nerg\u00e9tique.<\/p>\n<\/div><\/div>\n\n<div class=\"blockart-column blockart-column-af6ec2f5\"><div class=\"blockart-column-inner\">\n<div class=\"blockart-image blockart-image-d2d127e2\"><img decoding=\"async\" class=\"wp-image-889\" src=\"https:\/\/www.domeltec.be\/wp-content\/uploads\/2023\/09\/borne-de-recharge-1.png\" alt=\"\"\/><\/div>\n<h2 class=\"blockart-heading blockart-heading-87c99ed1\">Borne de Recharge<\/h2>\n<p class=\"blockart-paragraph blockart-paragraph-0fa90a67\">Bornes de recharge \u00e9lectriques : installation certifi\u00e9e, mise en service, diagnostic et optimisation pour une recharge rapide et s\u00e9curis\u00e9e \u00e0 domicile ou en entreprise.<\/p>\n<\/div><\/div>\n\n<\/div><\/div><\/div>\n\n\n\n<div class=\"wp-block-buttons is-layout-flex wp-container-core-buttons-is-layout-ea8b11be wp-block-buttons-is-layout-flex\"><\/div>\n\n\n\n<p><\/p>\n","protected":false},"excerpt":{"rendered":"<p>Infrastructure r\u00e9seau Cr\u00e9ation d\u2019infrastructures r\u00e9seau fiables : c\u00e2blage structur\u00e9, racks informatiques et interconnexion de vos \u00e9quipements pour un r\u00e9seau interne performant, stable et s\u00e9curis\u00e9. Maintenance r\u00e9seau Diagnostic et r\u00e9paration de votre r\u00e9seau : c\u00e2blage, routeurs, switches, PC et imprimantes. Une<\/p>\n","protected":false},"author":1,"featured_media":0,"parent":0,"menu_order":0,"comment_status":"open","ping_status":"closed","template":"page-templates\/page-builder.php","meta":{"sfsi_plus_gutenberg_text_before_share":"","sfsi_plus_gutenberg_show_text_before_share":"","sfsi_plus_gutenberg_icon_type":"","sfsi_plus_gutenberg_icon_alignemt":"","sfsi_plus_gutenburg_max_per_row":"","footnotes":""},"class_list":["post-718","page","type-page","status-publish","hentry"],"_links":{"self":[{"href":"https:\/\/www.domeltec.be\/index.php\/wp-json\/wp\/v2\/pages\/718","targetHints":{"allow":["GET"]}}],"collection":[{"href":"https:\/\/www.domeltec.be\/index.php\/wp-json\/wp\/v2\/pages"}],"about":[{"href":"https:\/\/www.domeltec.be\/index.php\/wp-json\/wp\/v2\/types\/page"}],"author":[{"embeddable":true,"href":"https:\/\/www.domeltec.be\/index.php\/wp-json\/wp\/v2\/users\/1"}],"replies":[{"embeddable":true,"href":"https:\/\/www.domeltec.be\/index.php\/wp-json\/wp\/v2\/comments?post=718"}],"version-history":[{"count":70,"href":"https:\/\/www.domeltec.be\/index.php\/wp-json\/wp\/v2\/pages\/718\/revisions"}],"predecessor-version":[{"id":1144,"href":"https:\/\/www.domeltec.be\/index.php\/wp-json\/wp\/v2\/pages\/718\/revisions\/1144"}],"wp:attachment":[{"href":"https:\/\/www.domeltec.be\/index.php\/wp-json\/wp\/v2\/media?parent=718"}],"curies":[{"name":"wp","href":"https:\/\/api.w.org\/{rel}","templated":true}]}}